{"id":15,"date":"2024-06-06T23:21:34","date_gmt":"2024-06-07T02:21:34","guid":{"rendered":"http:\/\/areinaldo.local\/?page_id=15"},"modified":"2025-02-19T11:18:26","modified_gmt":"2025-02-19T14:18:26","slug":"blog","status":"publish","type":"page","link":"https:\/\/areinaldo.com.br\/en\/blog\/","title":{"rendered":"Blog"},"content":{"rendered":"<p>O QUE S\u00c3O \u00c1GUAS JURISDICIONAIS BRASILEIRAS (AJB) E O PAPEL DA AUTORIDADE MAR\u00cdTIMA BRASILEIRA (MARINHA DO BRASIL).<\/p>\n<p>S\u00e3o \u00c1guas Jurisdicionais Brasileiras (AJB):: De acordo com a Portaria Normativa n\u00ba\u00a0 1\/MB\/MD, de 07\/JUN\/2011<\/p>\n<p>Compreendem as\u00a0 \u00e1guas interiores e os espa\u00e7os mar\u00edtimos, nos quais o Brasil exerce jurisdi\u00e7\u00e3o, em algum grau, sobre atividades, pessoas, instala\u00e7\u00f5es, embarca\u00e7\u00f5es e recursos naturais vivos e n\u00e3o vivos, encontrados na massa l\u00edquida, no leito ou no subsolo marinho, para os fins de controle e fiscaliza\u00e7\u00e3o, dentro dos limites da legisla\u00e7\u00e3o internacional e nacional. Esses espa\u00e7os mar\u00edtimos compreendem a faixa de 200 milhas mar\u00edtimas contadas a partir das linhas de base, acrescida das \u00e1guas sobrejacentes \u00e0 extens\u00e3o da plataforma continental al\u00e9m das 200 milhas mar\u00edtimas, onde ela ocorrer.<\/p>","protected":false},"excerpt":{"rendered":"<p>O QUE S\u00c3O \u00c1GUAS JURISDICIONAIS BRASILEIRAS (AJB) E O PAPEL DA AUTORIDADE MAR\u00cdTIMA BRASILEIRA (MARINHA DO BRASIL). S\u00e3o \u00c1guas Jurisdicionais Brasileiras (AJB):: De acordo com a Portaria Normativa n\u00ba\u00a0 1\/MB\/MD, de 07\/JUN\/2011 Compreendem as\u00a0 \u00e1guas interiores e [&hellip;]<\/p>","protected":false},"author":1,"featured_media":0,"parent":0,"menu_order":0,"comment_status":"closed","ping_status":"closed","template":"page-blog.php","meta":{"_acf_changed":false,"inline_featured_image":false,"footnotes":""},"class_list":["post-15","page","type-page","status-publish","hentry"],"acf":[],"_links":{"self":[{"href":"https:\/\/areinaldo.com.br\/en\/wp-json\/wp\/v2\/pages\/15","targetHints":{"allow":["GET"]}}],"collection":[{"href":"https:\/\/areinaldo.com.br\/en\/wp-json\/wp\/v2\/pages"}],"about":[{"href":"https:\/\/areinaldo.com.br\/en\/wp-json\/wp\/v2\/types\/page"}],"author":[{"embeddable":true,"href":"https:\/\/areinaldo.com.br\/en\/wp-json\/wp\/v2\/users\/1"}],"replies":[{"embeddable":true,"href":"https:\/\/areinaldo.com.br\/en\/wp-json\/wp\/v2\/comments?post=15"}],"version-history":[{"count":5,"href":"https:\/\/areinaldo.com.br\/en\/wp-json\/wp\/v2\/pages\/15\/revisions"}],"predecessor-version":[{"id":896,"href":"https:\/\/areinaldo.com.br\/en\/wp-json\/wp\/v2\/pages\/15\/revisions\/896"}],"wp:attachment":[{"href":"https:\/\/areinaldo.com.br\/en\/wp-json\/wp\/v2\/media?parent=15"}],"curies":[{"name":"wp","href":"https:\/\/api.w.org\/{rel}","templated":true}]}}