{"id":17,"date":"2024-06-06T23:21:50","date_gmt":"2024-06-07T02:21:50","guid":{"rendered":"http:\/\/areinaldo.local\/?page_id=17"},"modified":"2024-10-22T05:38:56","modified_gmt":"2024-10-22T08:38:56","slug":"contato","status":"publish","type":"page","link":"https:\/\/areinaldo.com.br\/en\/contato\/","title":{"rendered":"Contact"},"content":{"rendered":"<p>Nosso time est\u00e1 preparado e afiado para tirar qualquer d\u00favida e te ajudar a escolher as melhores op\u00e7\u00f5es para suas necessidades.<\/p>","protected":false},"excerpt":{"rendered":"<p>Nosso time est\u00e1 preparado e afiado para tirar qualquer d\u00favida e te ajudar a escolher as melhores op\u00e7\u00f5es para suas necessidades.<\/p>","protected":false},"author":1,"featured_media":0,"parent":0,"menu_order":0,"comment_status":"closed","ping_status":"closed","template":"page-contato.php","meta":{"_acf_changed":false,"inline_featured_image":false,"footnotes":""},"class_list":["post-17","page","type-page","status-publish","hentry"],"acf":[],"_links":{"self":[{"href":"https:\/\/areinaldo.com.br\/en\/wp-json\/wp\/v2\/pages\/17","targetHints":{"allow":["GET"]}}],"collection":[{"href":"https:\/\/areinaldo.com.br\/en\/wp-json\/wp\/v2\/pages"}],"about":[{"href":"https:\/\/areinaldo.com.br\/en\/wp-json\/wp\/v2\/types\/page"}],"author":[{"embeddable":true,"href":"https:\/\/areinaldo.com.br\/en\/wp-json\/wp\/v2\/users\/1"}],"replies":[{"embeddable":true,"href":"https:\/\/areinaldo.com.br\/en\/wp-json\/wp\/v2\/comments?post=17"}],"version-history":[{"count":3,"href":"https:\/\/areinaldo.com.br\/en\/wp-json\/wp\/v2\/pages\/17\/revisions"}],"predecessor-version":[{"id":600,"href":"https:\/\/areinaldo.com.br\/en\/wp-json\/wp\/v2\/pages\/17\/revisions\/600"}],"wp:attachment":[{"href":"https:\/\/areinaldo.com.br\/en\/wp-json\/wp\/v2\/media?parent=17"}],"curies":[{"name":"wp","href":"https:\/\/api.w.org\/{rel}","templated":true}]}}