{"id":426,"date":"2024-07-30T09:33:30","date_gmt":"2024-07-30T12:33:30","guid":{"rendered":"http:\/\/areinaldo.local\/?page_id=426"},"modified":"2025-02-19T11:23:25","modified_gmt":"2025-02-19T14:23:25","slug":"treinamentos","status":"publish","type":"page","link":"https:\/\/areinaldo.com.br\/en\/treinamentos\/","title":{"rendered":"Training"},"content":{"rendered":"<p>A empresa possui Cursos\/treinamentos com experi\u00eancia e confiabilidade, obrigat\u00f3rios pela Autoridade Mar\u00edtima Brasileira para atuar na \u00e1rea On &amp; <strong><em>Offshore, <\/em><\/strong>dentre esses Cursos, o Curso B\u00e1sico de Seguran\u00e7a de Plataforma (CBSP) ou Curso de Salvatagem, \u00a0credenciado pela Diretoria de Portos e Costas pela Portaria n\u00ba 30, de 15\/FEV\/2024, e na Modalidade Ensino a Dist\u00e2ncia (EAD), pela Portaria n\u00ba 08, de 10\/JAN\/2025, e o Curso de HUET (Helicopter Underwater Escape Training).<\/p>\n<p>Capacitamos sua equipe para embarcar em Plataformas, Navios Sondas ou Unidade <strong><em>Offshore <\/em><\/strong>M\u00f3veis (UOM).<\/p>","protected":false},"excerpt":{"rendered":"<p>A empresa possui Cursos\/treinamentos com experi\u00eancia e confiabilidade, obrigat\u00f3rios pela Autoridade Mar\u00edtima Brasileira para atuar na \u00e1rea On &amp; Offshore, dentre esses Cursos, o Curso B\u00e1sico de Seguran\u00e7a de Plataforma (CBSP) ou Curso de Salvatagem, \u00a0credenciado pela [&hellip;]<\/p>","protected":false},"author":1,"featured_media":652,"parent":0,"menu_order":0,"comment_status":"closed","ping_status":"closed","template":"page-treinamentos.php","meta":{"_acf_changed":false,"inline_featured_image":false,"footnotes":""},"class_list":["post-426","page","type-page","status-publish","has-post-thumbnail","hentry"],"acf":[],"_links":{"self":[{"href":"https:\/\/areinaldo.com.br\/en\/wp-json\/wp\/v2\/pages\/426","targetHints":{"allow":["GET"]}}],"collection":[{"href":"https:\/\/areinaldo.com.br\/en\/wp-json\/wp\/v2\/pages"}],"about":[{"href":"https:\/\/areinaldo.com.br\/en\/wp-json\/wp\/v2\/types\/page"}],"author":[{"embeddable":true,"href":"https:\/\/areinaldo.com.br\/en\/wp-json\/wp\/v2\/users\/1"}],"replies":[{"embeddable":true,"href":"https:\/\/areinaldo.com.br\/en\/wp-json\/wp\/v2\/comments?post=426"}],"version-history":[{"count":25,"href":"https:\/\/areinaldo.com.br\/en\/wp-json\/wp\/v2\/pages\/426\/revisions"}],"predecessor-version":[{"id":897,"href":"https:\/\/areinaldo.com.br\/en\/wp-json\/wp\/v2\/pages\/426\/revisions\/897"}],"wp:featuredmedia":[{"embeddable":true,"href":"https:\/\/areinaldo.com.br\/en\/wp-json\/wp\/v2\/media\/652"}],"wp:attachment":[{"href":"https:\/\/areinaldo.com.br\/en\/wp-json\/wp\/v2\/media?parent=426"}],"curies":[{"name":"wp","href":"https:\/\/api.w.org\/{rel}","templated":true}]}}